{"id":612,"date":"2021-03-26T10:04:13","date_gmt":"2021-03-26T10:04:13","guid":{"rendered":"http:\/\/localhost\/nuss\/?page_id=612"},"modified":"2026-03-07T14:10:35","modified_gmt":"2026-03-07T14:10:35","slug":"restaurante","status":"publish","type":"page","link":"https:\/\/chengguohotelshenzhen.com\/es\/restaurant\/","title":{"rendered":"Restaurante"},"content":{"rendered":"<div data-elementor-type=\"wp-page\" data-elementor-id=\"612\" class=\"elementor elementor-612\">\n\t\t\t\t\t\t<section class=\"elementor-section elementor-top-section elementor-element elementor-element-e2effe8 elementor-section-boxed elementor-section-gap-beside-yes elementor-section-height-default elementor-section-height-default elementor-section-column-vertical-align-stretch\" data-id=\"e2effe8\" data-element_type=\"section\" data-e-type=\"section\">\n\t\t\t\t\t\t<div class=\"elementor-container elementor-column-gap-extended\">\n\t\t\t\t\t<div class=\"elementor-column elementor-col-100 elementor-top-column elementor-element elementor-element-e18f688\" data-id=\"e18f688\" data-element_type=\"column\" data-e-type=\"column\">\n\t\t\t<div class=\"elementor-widget-wrap elementor-element-populated\">\n\t\t\t\t\t\t<div class=\"elementor-element elementor-element-6db146d elementor-widget__width-initial elementor-invisible elementor-widget elementor-widget-text-editor\" data-id=\"6db146d\" data-element_type=\"widget\" data-e-type=\"widget\" data-settings=\"{&quot;_animation&quot;:&quot;nussFadeInUp&quot;}\" data-widget_type=\"text-editor.default\">\n\t\t\t\t\t\t\t\t\tCenar en Chengguo Hotel Shenzhen: un viaje culinario en el restaurante Chengguo Garden\t\t\t\t\t\t\t\t<\/div>\n\t\t\t\t\t<\/div>\n\t\t<\/div>\n\t\t\t\t\t<\/div>\n\t\t<\/section>\n\t\t<div class=\"elementor-element elementor-element-5210796 e-flex e-con-boxed e-con e-parent\" data-id=\"5210796\" data-element_type=\"container\" data-e-type=\"container\">\n\t\t\t\t\t<div class=\"e-con-inner\">\n\t\t\t\t<div class=\"elementor-element elementor-element-335215f elementor-widget elementor-widget-text-editor\" data-id=\"335215f\" data-element_type=\"widget\" data-e-type=\"widget\" data-widget_type=\"text-editor.default\">\n\t\t\t\t\t\t\t\t\t<h2 class=\"qwen-markdown-heading\"><span class=\"qwen-markdown-text\" data-spm-anchor-id=\"a2ty_o01.29997173.0.i56.31ac5171Dy3SJu\">Bienvenido al restaurante Chengguo Garden: donde el sabor se fusiona con la comodidad en el distrito de Luohu.<\/span><\/h2><div class=\"qwen-markdown-paragraph\"><span class=\"qwen-markdown-text\">Ad\u00e9ntrese en un mundo de sabores diversos y aromas reconfortantes en el <\/span><strong class=\"qwen-markdown-strong\"><span class=\"qwen-markdown-text\">Restaurante Jard\u00edn Chengguo<\/span><\/strong><span class=\"qwen-markdown-text\">, el principal destino gastron\u00f3mico ubicado dentro <\/span><strong class=\"qwen-markdown-strong\"><span class=\"qwen-markdown-text\">Chengguo Hotel (metro Shenzhen Dongmen Laojie Shebu)<\/span><\/strong><span class=\"qwen-markdown-text\">. Situado en <\/span><strong class=\"qwen-markdown-strong\"><span class=\"qwen-markdown-text\">No. 2195 Hubei Road, distrito de Luohu, Shenzhen, Guangdong, 515100, China<\/span><\/strong><span class=\"qwen-markdown-text\">, Nuestro restaurante ofrece a nuestros hu\u00e9spedes y visitantes una experiencia culinaria excepcional que combina aut\u00e9nticas tradiciones cantonesas locales con platos internacionales favoritos.<\/span><\/div><div class=\"qwen-markdown-space\">\u00a0<\/div><div class=\"qwen-markdown-paragraph\"><span class=\"qwen-markdown-text\">Ya sea que comience el d\u00eda con un abundante desayuno antes de una reuni\u00f3n de negocios, disfrute de un almuerzo tranquilo despu\u00e9s de explorar la famosa calle peatonal Dongmen o se relaje con una cena tranquila en su habitaci\u00f3n, el restaurante Chengguo Garden est\u00e1 dise\u00f1ado para satisfacer todos los paladares con calidez, calidad y valor.<\/span><\/div><div class=\"qwen-markdown-space\">\u00a0<\/div><div class=\"qwen-markdown-hr\"><hr \/><\/div><div class=\"qwen-markdown-space\">\u00a0<\/div><h2 class=\"qwen-markdown-heading\"><span class=\"qwen-markdown-text\">Un men\u00fa variado para todos los gustos<\/span><\/h2><div class=\"qwen-markdown-paragraph\"><span class=\"qwen-markdown-text\">En el Hotel Chengguo, comprendemos que nuestros hu\u00e9spedes provienen de todo el mundo y traen consigo diversas preferencias culinarias. El men\u00fa de nuestro restaurante est\u00e1 cuidadosamente seleccionado para reflejar esta comunidad internacional, a la vez que honra la rica cultura gastron\u00f3mica de Shenzhen y la provincia de Guangdong.<\/span><\/div><div class=\"qwen-markdown-space\">\u00a0<\/div><h3 class=\"qwen-markdown-heading\"><strong class=\"qwen-markdown-strong\"><span class=\"qwen-markdown-text\">Aut\u00e9ntica cocina cantonesa y china<\/span><\/strong><\/h3><div class=\"qwen-markdown-paragraph\"><span class=\"qwen-markdown-text\">Como hotel ubicado en el coraz\u00f3n de Guangdong, estamos orgullosos de servir aut\u00e9ntica comida <\/span><strong class=\"qwen-markdown-strong\"><span class=\"qwen-markdown-text\">cocina cantonesa<\/span><\/strong><span class=\"qwen-markdown-text\">. Nuestros chefs preparan platos tradicionales con ingredientes frescos de la zona. Desde delicados dim sum hasta sabrosos salteados, los comensales pueden experimentar el aut\u00e9ntico sabor del sur de China. Entre nuestros platos estrella se incluyen nuestros platos reci\u00e9n hechos. <\/span><strong class=\"qwen-markdown-strong\"><span class=\"qwen-markdown-text\">fideos de arroz agridulces<\/span><\/strong><span class=\"qwen-markdown-text\"> y fideos tradicionales hechos a mano, que se han convertido en los favoritos de los hu\u00e9spedes seg\u00fan miles de cr\u00edticas positivas.<\/span><\/div><div class=\"qwen-markdown-space\">\u00a0<\/div><h3 class=\"qwen-markdown-heading\"><strong class=\"qwen-markdown-strong\"><span class=\"qwen-markdown-text\">Opciones internacionales occidentales y asi\u00e1ticas<\/span><\/strong><\/h3><div class=\"qwen-markdown-paragraph\"><span class=\"qwen-markdown-text\">Para nuestros viajeros internacionales, ofrecemos una s\u00f3lida selecci\u00f3n de <\/span><strong class=\"qwen-markdown-strong\"><span class=\"qwen-markdown-text\">Cocinas occidentales y asi\u00e1ticas<\/span><\/strong><span class=\"qwen-markdown-text\">. Ya sea que se le antoje un desayuno continental cl\u00e1sico, una pasta abundante o la t\u00edpica comida asi\u00e1tica, nuestro equipo de cocina se asegura de que cada comida se sienta como en casa. Esta diversidad convierte al Restaurante Chengguo Garden en una excelente opci\u00f3n para familias y grupos de negocios con diferentes preferencias diet\u00e9ticas.<\/span><\/div><div class=\"qwen-markdown-space\">\u00a0<\/div><h3 class=\"qwen-markdown-heading\"><strong class=\"qwen-markdown-strong\"><span class=\"qwen-markdown-text\">Experiencia de desayuno estilo buffet<\/span><\/strong><\/h3><div class=\"qwen-markdown-paragraph\"><span class=\"qwen-markdown-text\">Empieza bien el d\u00eda con nuestra amplia gama <\/span><strong class=\"qwen-markdown-strong\"><span class=\"qwen-markdown-text\">desayuno estilo buffet<\/span><\/strong><span class=\"qwen-markdown-text\">. Abierto todos los d\u00edas desde <\/span><strong class=\"qwen-markdown-strong\"><span class=\"qwen-markdown-text\">De 7:30 a. m. a 7:00 p. m.<\/span><\/strong><span class=\"qwen-markdown-text\">, Nuestro servicio de desayuno est\u00e1 dise\u00f1ado para impulsar tus aventuras en Shenzhen. El buffet ofrece una amplia variedad de platos fr\u00edos y calientes, incluyendo:<\/span><\/div><ul class=\"qwen-markdown-list\" dir=\"auto\"><li><span class=\"qwen-markdown-text\">Platos de fideos y arroz reci\u00e9n cocinados<\/span><\/li><li><span class=\"qwen-markdown-text\">Bollos y pasteles al vapor<\/span><\/li><li><span class=\"qwen-markdown-text\">Huevos preparados al momento<\/span><\/li><li><span class=\"qwen-markdown-text\">Frutas y verduras frescas<\/span><\/li><li><span class=\"qwen-markdown-text\">Alimentos b\u00e1sicos occidentales como tostadas, cereales y caf\u00e9.<\/span><\/li><li><span class=\"qwen-markdown-text\">Congee tradicional chino y guarniciones<\/span><\/li><\/ul><div class=\"qwen-markdown-space\">\u00a0<\/div><div class=\"qwen-markdown-hr\"><hr \/><\/div><div class=\"qwen-markdown-space\">\u00a0<\/div><h2 class=\"qwen-markdown-heading\"><span class=\"qwen-markdown-text\">Valor excepcional para familias y viajeros<\/span><\/h2><div class=\"qwen-markdown-paragraph\"><span class=\"qwen-markdown-text\">Creemos que la buena comida debe ser accesible para todos. El restaurante Chengguo Garden ofrece algunos de los precios m\u00e1s competitivos del distrito de Luohu sin comprometer la calidad.<\/span><\/div><div class=\"qwen-markdown-space\">\u00a0<\/div><h3 class=\"qwen-markdown-heading\"><strong class=\"qwen-markdown-strong\"><span class=\"qwen-markdown-text\">Precios de desayuno asequibles<\/span><\/strong><\/h3><ul class=\"qwen-markdown-list\" dir=\"auto\"><li><strong class=\"qwen-markdown-strong\"><span class=\"qwen-markdown-text\">Adultos:<\/span><\/strong><span class=\"qwen-markdown-text\"> 20 CNY por persona<\/span><\/li><li><strong class=\"qwen-markdown-strong\"><span class=\"qwen-markdown-text\">Ni\u00f1os:<\/span><\/strong><span class=\"qwen-markdown-text\"> Gratuito para ni\u00f1os menores de 1,3 metros.<\/span><\/li><\/ul><div class=\"qwen-markdown-space\">\u00a0<\/div><div class=\"qwen-markdown-paragraph\"><span class=\"qwen-markdown-text\">Esta pol\u00edtica familiar nos convierte en la opci\u00f3n preferida de padres que viajan con ni\u00f1os. Disfrute de una comida sin estr\u00e9s sabiendo que sus hijos son bienvenidos y alimentados sin costo adicional. El amplio comedor acomoda c\u00f3modamente a las familias, garantizando un ambiente relajado para el desayuno.<\/span><\/div><div class=\"qwen-markdown-space\">\u00a0<\/div><h3 class=\"qwen-markdown-heading\"><strong class=\"qwen-markdown-strong\"><span class=\"qwen-markdown-text\">Servicio de habitaciones las 24 horas<\/span><\/strong><\/h3><div class=\"qwen-markdown-paragraph\"><span class=\"qwen-markdown-text\">Entendiendo que los horarios de negocios y la fatiga del viaje no siempre se alinean con los horarios de comidas est\u00e1ndar, Chengguo Hotel ofrece <\/span><strong class=\"qwen-markdown-strong\"><span class=\"qwen-markdown-text\">Servicio de habitaciones las 24 horas<\/span><\/strong><span class=\"qwen-markdown-text\">. Ya sea que llegue tarde por la noche despu\u00e9s de un vuelo desde el Aeropuerto Internacional de Shenzhen Bao&#039;an o necesite una comida r\u00e1pida durante una sesi\u00f3n de trabajo nocturna, nuestra cocina est\u00e1 lista para servirle deliciosa comida directamente a su habitaci\u00f3n. Esta comodidad permite a los hu\u00e9spedes comer con privacidad y comodidad cuando les d\u00e9 hambre.<\/span><\/div><div class=\"qwen-markdown-space\">\u00a0<\/div><div class=\"qwen-markdown-hr\"><hr \/><\/div><div class=\"qwen-markdown-space\">\u00a0<\/div><h2 class=\"qwen-markdown-heading\"><span class=\"qwen-markdown-text\">El lugar perfecto para los amantes de la comida<\/span><\/h2><div class=\"qwen-markdown-paragraph\"><span class=\"qwen-markdown-text\">Si bien el restaurante Chengguo Garden ofrece una excelente comida en el lugar, nuestra ubicaci\u00f3n en <\/span><strong class=\"qwen-markdown-strong\"><span class=\"qwen-markdown-text\">No. 2195 Hubei Road<\/span><\/strong><span class=\"qwen-markdown-text\"> te sit\u00faa en el epicentro de la escena culinaria de Shenzhen. El hotel est\u00e1 a solo <\/span><strong class=\"qwen-markdown-strong\"><span class=\"qwen-markdown-text\">A 100 metros de la calle peatonal Dongmen<\/span><\/strong><span class=\"qwen-markdown-text\">, uno de los destinos gastron\u00f3micos m\u00e1s famosos de China.<\/span><\/div><div class=\"qwen-markdown-space\">\u00a0<\/div><h3 class=\"qwen-markdown-heading\"><strong class=\"qwen-markdown-strong\"><span class=\"qwen-markdown-text\">Explora la escena gastron\u00f3mica de los alrededores<\/span><\/strong><\/h3><div class=\"qwen-markdown-paragraph\"><span class=\"qwen-markdown-text\">Los hu\u00e9spedes que se alojen en el Hotel Chengguo tienen acceso a m\u00e1s de <\/span><strong class=\"qwen-markdown-strong\"><span class=\"qwen-markdown-text\">M\u00e1s de 20 restaurantes a 500 metros<\/span><\/strong><span class=\"qwen-markdown-text\">. Desde mercados de mariscos frescos hasta cadenas internacionales de comida r\u00e1pida, desde el picante estofado de Sichuan hasta las delicadas casas de t\u00e9 cantonesas, el barrio ofrece un sinf\u00edn de opciones para los amantes de la gastronom\u00eda. Nuestro personal de conserjer\u00eda y recepci\u00f3n estar\u00e1 encantado de ofrecerle recomendaciones, hacer reservas o guiarle a los mejores restaurantes locales cerca de Dongmen Laojie.<\/span><\/div><div class=\"qwen-markdown-space\">\u00a0<\/div><h3 class=\"qwen-markdown-heading\"><strong class=\"qwen-markdown-strong\"><span class=\"qwen-markdown-text\">Conveniente para almuerzos de negocios<\/span><\/strong><\/h3><div class=\"qwen-markdown-paragraph\"><span class=\"qwen-markdown-text\">Para los viajeros de negocios, el restaurante ofrece un ambiente tranquilo y profesional, ideal para reuniones informales durante el almuerzo. El wifi de alta velocidad disponible en el comedor le permite mantenerse conectado mientras cena. La proximidad al distrito comercial de Luohu le permite salir f\u00e1cilmente para una reuni\u00f3n y regresar para disfrutar de una comida r\u00e1pida y de calidad sin perder tiempo en transporte.<\/span><\/div><div class=\"qwen-markdown-space\">\u00a0<\/div><div class=\"qwen-markdown-hr\"><hr \/><\/div><div class=\"qwen-markdown-space\">\u00a0<\/div><h2 class=\"qwen-markdown-heading\"><span class=\"qwen-markdown-text\">Higiene, seguridad y garant\u00eda de calidad<\/span><\/h2><div class=\"qwen-markdown-paragraph\"><span class=\"qwen-markdown-text\">En el entorno tur\u00edstico actual, la higiene es primordial. El restaurante Chengguo Garden cumple con estrictos est\u00e1ndares de salud y seguridad para garantizar que todos nuestros hu\u00e9spedes se sientan seguros al comer con nosotros.<\/span><\/div><div class=\"qwen-markdown-space\">\u00a0<\/div><ul class=\"qwen-markdown-list\" dir=\"auto\"><li><strong class=\"qwen-markdown-strong\"><span class=\"qwen-markdown-text\">Sanitizaci\u00f3n diaria:<\/span><\/strong><span class=\"qwen-markdown-text\"> Todas las superficies del comedor, los utensilios y las \u00e1reas de la cocina se limpian y desinfectan a fondo varias veces al d\u00eda.<\/span><\/li><li><strong class=\"qwen-markdown-strong\"><span class=\"qwen-markdown-text\">Ingredientes frescos:<\/span><\/strong><span class=\"qwen-markdown-text\"> Priorizamos ingredientes frescos y de alta calidad provenientes de proveedores locales confiables.<\/span><\/li><li><strong class=\"qwen-markdown-strong\"><span class=\"qwen-markdown-text\">Salud del personal:<\/span><\/strong><span class=\"qwen-markdown-text\"> Todo el personal de cocina y servicio se somete a controles de salud peri\u00f3dicos y formaci\u00f3n en higiene.<\/span><\/li><li><strong class=\"qwen-markdown-strong\"><span class=\"qwen-markdown-text\">Entorno de comedor seguro:<\/span><\/strong><span class=\"qwen-markdown-text\"> Los espaciosos asientos dispuestos permiten disfrutar de una experiencia gastron\u00f3mica c\u00f3moda.<\/span><\/li><\/ul><div class=\"qwen-markdown-space\">\u00a0<\/div><div class=\"qwen-markdown-paragraph\"><span class=\"qwen-markdown-text\">Nuestro compromiso con la limpieza se refleja en nuestra calificaci\u00f3n general de limpieza del hotel de <\/span><strong class=\"qwen-markdown-strong\"><span class=\"qwen-markdown-text\">9.0\/10<\/span><\/strong><span class=\"qwen-markdown-text\">, brindando a nuestros hu\u00e9spedes tranquilidad al disfrutar de nuestros servicios de comida.<\/span><\/div><div class=\"qwen-markdown-space\">\u00a0<\/div><div class=\"qwen-markdown-hr\"><hr \/><\/div><div class=\"qwen-markdown-space\">\u00a0<\/div><h2 class=\"qwen-markdown-heading\"><span class=\"qwen-markdown-text\">\u00bfPor qu\u00e9 elegir el restaurante Chengguo Garden?<\/span><\/h2><div class=\"qwen-markdown-paragraph\"><span class=\"qwen-markdown-text\">Con tantas opciones para comer en Shenzhen, \u00bfpor qu\u00e9 deber\u00eda elegir cenar en el Chengguo Hotel?<\/span><\/div><div class=\"qwen-markdown-space\">\u00a0<\/div><div class=\"qwen-markdown-paragraph\"><span class=\"qwen-markdown-text\">\u2713 <\/span><strong class=\"qwen-markdown-strong\"><span class=\"qwen-markdown-text\">Conveniencia:<\/span><\/strong><span class=\"qwen-markdown-text\"> Ubicado directamente en su alojamiento: no es necesario viajar para disfrutar de una buena comida.<\/span><br \/><span class=\"qwen-markdown-text\">\u2713 <\/span><strong class=\"qwen-markdown-strong\"><span class=\"qwen-markdown-text\">Variedad:<\/span><\/strong><span class=\"qwen-markdown-text\"> Una mezcla de cocina cantonesa, china, occidental y asi\u00e1tica bajo un mismo techo.<\/span><br \/><span class=\"qwen-markdown-text\">\u2713 <\/span><strong class=\"qwen-markdown-strong\"><span class=\"qwen-markdown-text\">Valor:<\/span><\/strong><span class=\"qwen-markdown-text\"> Precios asequibles con pol\u00edticas de comida gratuita para ni\u00f1os.<\/span><br \/><span class=\"qwen-markdown-text\">\u2713 <\/span><strong class=\"qwen-markdown-strong\"><span class=\"qwen-markdown-text\">Flexibilidad:<\/span><\/strong><span class=\"qwen-markdown-text\"> El servicio de habitaciones las 24 horas complementa el horario de funcionamiento del restaurante.<\/span><br \/><span class=\"qwen-markdown-text\">\u2713 <\/span><strong class=\"qwen-markdown-strong\"><span class=\"qwen-markdown-text\">Calidad:<\/span><\/strong><span class=\"qwen-markdown-text\"> Calificaciones constantemente altas de m\u00e1s de 8.853 hu\u00e9spedes del hotel.<\/span><br \/><span class=\"qwen-markdown-text\">\u2713 <\/span><strong class=\"qwen-markdown-strong\"><span class=\"qwen-markdown-text\">Ubicaci\u00f3n:<\/span><\/strong><span class=\"qwen-markdown-text\"> A unos pasos de la famosa calle gastron\u00f3mica de Dongmen para ofrecer opciones adicionales.<\/span><br \/><span class=\"qwen-markdown-text\">\u2713 <\/span><strong class=\"qwen-markdown-strong\"><span class=\"qwen-markdown-text\">Servicio:<\/span><\/strong><span class=\"qwen-markdown-text\"> Personal atento dispuesto a atender solicitudes y preferencias diet\u00e9ticas.<\/span><br \/><span class=\"qwen-markdown-text\">\u2713 <\/span><strong class=\"qwen-markdown-strong\"><span class=\"qwen-markdown-text\">Comodidad:<\/span><\/strong><span class=\"qwen-markdown-text\"> Un ambiente relajado perfecto para familias, parejas o viajeros solitarios. <\/span><\/div><div class=\"qwen-markdown-space\">\u00a0<\/div><div class=\"qwen-markdown-hr\"><hr \/><\/div><div class=\"qwen-markdown-space\">\u00a0<\/div><h2 class=\"qwen-markdown-heading\"><span class=\"qwen-markdown-text\">Horarios de comida e informaci\u00f3n de contacto<\/span><\/h2><div class=\"qwen-markdown-paragraph\"><span class=\"qwen-markdown-text\">Planifique su visita al Restaurante Jard\u00edn Chengguo con los siguientes detalles:<\/span><\/div><div class=\"qwen-markdown-space\">\u00a0<\/div><div class=\"qwen-markdown-paragraph\"><strong class=\"qwen-markdown-strong\"><span class=\"qwen-markdown-text\">Nombre del restaurante:<\/span><\/strong><span class=\"qwen-markdown-text\"> Restaurante Jard\u00edn Chengguo<\/span><br \/><strong class=\"qwen-markdown-strong\"><span class=\"qwen-markdown-text\">Hotel:<\/span><\/strong><span class=\"qwen-markdown-text\"> Chengguo Hotel (metro Shenzhen Dongmen Laojie Shebu)<\/span><br \/><strong class=\"qwen-markdown-strong\"><span class=\"qwen-markdown-text\">DIRECCI\u00d3N:<\/span><\/strong><span class=\"qwen-markdown-text\"> No. 2195 Hubei Road, distrito de Luohu, Shenzhen, Guangdong, 515100, China<\/span><br \/><strong class=\"qwen-markdown-strong\"><span class=\"qwen-markdown-text\">Horario de atenci\u00f3n:<\/span><\/strong><span class=\"qwen-markdown-text\"> 7:30 a. m. a 7:00 p. m. (diariamente)<\/span><br \/><strong class=\"qwen-markdown-strong\"><span class=\"qwen-markdown-text\">Servicio de habitaciones:<\/span><\/strong><span class=\"qwen-markdown-text\"> Disponible las 24 horas<\/span><br \/><strong class=\"qwen-markdown-strong\"><span class=\"qwen-markdown-text\">Precio del desayuno:<\/span><\/strong><span class=\"qwen-markdown-text\"> 20 CNY para adultos | Gratis para ni\u00f1os menores de 1,3 m<\/span><br \/><strong class=\"qwen-markdown-strong\"><span class=\"qwen-markdown-text\">Tel\u00e9fono:<\/span><\/strong><span class=\"qwen-markdown-text\"> +86-755-83017777<\/span><br \/><strong class=\"qwen-markdown-strong\"><span class=\"qwen-markdown-text\">Sitio web:<\/span><\/strong><span class=\"qwen-markdown-text\"> https:\/\/chengguohotelshenzhen.com <\/span><\/div><div class=\"qwen-markdown-space\">\u00a0<\/div><div class=\"qwen-markdown-hr\"><hr \/><\/div><div class=\"qwen-markdown-space\">\u00a0<\/div><h2 class=\"qwen-markdown-heading\"><span class=\"qwen-markdown-text\">Experimente el sabor de Shenzhen en el Hotel Chengguo<\/span><\/h2><div class=\"qwen-markdown-paragraph\"><span class=\"qwen-markdown-text\">Cenar es m\u00e1s que simplemente comer; es una experiencia que define tu estancia. En <\/span><strong class=\"qwen-markdown-strong\"><span class=\"qwen-markdown-text\">Restaurante Jard\u00edn Chengguo<\/span><\/strong><span class=\"qwen-markdown-text\">, Nos esforzamos por hacer que cada comida sea memorable, ya sea la primera taza de caf\u00e9 de la ma\u00f1ana, un almuerzo de negocios r\u00e1pido o un refrigerio reconfortante a altas horas de la noche a trav\u00e9s del servicio a la habitaci\u00f3n.<\/span><\/div><div class=\"qwen-markdown-space\">\u00a0<\/div><div class=\"qwen-markdown-paragraph\"><span class=\"qwen-markdown-text\">Nuestra combinaci\u00f3n de aut\u00e9nticos sabores locales, opciones internacionales, pol\u00edticas familiares y una ubicaci\u00f3n inmejorable nos convierte en un destino gastron\u00f3mico excepcional en el distrito de Luohu. Lo invitamos a tomar asiento, explorar nuestro men\u00fa y descubrir por qu\u00e9 miles de comensales valoran tan positivamente nuestra hospitalidad y servicio de comida.<\/span><\/div><div class=\"qwen-markdown-space\">\u00a0<\/div><div class=\"qwen-markdown-paragraph\"><strong class=\"qwen-markdown-strong\"><span class=\"qwen-markdown-text\">Reserve su estad\u00eda en el Hotel Chengguo hoy y disfrute de una experiencia culinaria que complemente su viaje a Shenzhen.<\/span><\/strong><\/div>\t\t\t\t\t\t\t\t<\/div>\n\t\t\t\t\t<\/div>\n\t\t\t\t<\/div>\n\t\t\t\t<\/div>","protected":false},"excerpt":{"rendered":"<p>Dining at Chengguo Hotel Shenzhen: A Culinary Journey at Chengguo Garden Restaurant Welcome to Chengguo Garden Restaurant \u2013 Where Flavor Meets Convenience in Luohu District Step into a world of diverse flavors and comforting aromas at the Chengguo Garden Restaurant, the premier dining destination located within Chengguo Hotel (Shenzhen Dongmen Laojie Shebu Subway). Situated at [&hellip;]<\/p>\n","protected":false},"author":1,"featured_media":0,"parent":0,"menu_order":0,"comment_status":"closed","ping_status":"closed","template":"elementor_header_footer","meta":{"footnotes":""},"class_list":["post-612","page","type-page","status-publish","hentry","post-no-thumbnail"],"_links":{"self":[{"href":"https:\/\/chengguohotelshenzhen.com\/es\/wp-json\/wp\/v2\/pages\/612","targetHints":{"allow":["GET"]}}],"collection":[{"href":"https:\/\/chengguohotelshenzhen.com\/es\/wp-json\/wp\/v2\/pages"}],"about":[{"href":"https:\/\/chengguohotelshenzhen.com\/es\/wp-json\/wp\/v2\/types\/page"}],"author":[{"embeddable":true,"href":"https:\/\/chengguohotelshenzhen.com\/es\/wp-json\/wp\/v2\/users\/1"}],"replies":[{"embeddable":true,"href":"https:\/\/chengguohotelshenzhen.com\/es\/wp-json\/wp\/v2\/comments?post=612"}],"version-history":[{"count":0,"href":"https:\/\/chengguohotelshenzhen.com\/es\/wp-json\/wp\/v2\/pages\/612\/revisions"}],"wp:attachment":[{"href":"https:\/\/chengguohotelshenzhen.com\/es\/wp-json\/wp\/v2\/media?parent=612"}],"curies":[{"name":"wp","href":"https:\/\/api.w.org\/{rel}","templated":true}]}}